{"id":3011,"date":"2016-11-15T19:29:50","date_gmt":"2016-11-15T17:29:50","guid":{"rendered":"http:\/\/www.elektrodas.lt\/?post_type=product&amp;p=3011"},"modified":"2016-11-15T19:29:50","modified_gmt":"2016-11-15T17:29:50","slug":"tp4056_charger_with_battery_protection","status":"publish","type":"product","link":"https:\/\/elektrodas.lt\/lv\/products\/tp4056_charger_with_battery_protection\/","title":{"rendered":"Akumulatora l\u0101d\u0113t\u0101js TP4056 ar akumulatora aizsardz\u012bbu un mikro USB savienojumu"},"content":{"rendered":"<p><b>Parametri:<\/b><\/p>\n<p><b>\u00b7 <\/b>Ieejas spriegums: 4,5 ~ 5,5 V<br \/>\n<b>\u00b7 <\/b>Pilns uzl\u0101des spriegums: 4,2V<br \/>\n<b>\u00b7 <\/b>Maksim\u0101l\u0101 izejas str\u0101va: 1A<br \/>\n<b>\u00b7 <\/b>Str\u0101vas indikators: sarkans apz\u012bm\u0113 uzl\u0101di, za\u013c\u0161 apz\u012bm\u0113 piln\u012bb\u0101 uzl\u0101d\u0113tu.<br \/>\n<b>\u00b7 <\/b>Ievades interfeiss: MINI interfeiss<br \/>\n<b>\u00b7 <\/b>Preces izm\u0113rs: 25mm * 19mm.<\/p>\n<p><b>Pa\u0161reiz\u0113jais regul\u0113jums:<\/b><\/p>\n<p>RPROG (k) IBAT (mA)<br \/>\n30k: 50mA<br \/>\n20k: 70mA<br \/>\n10k: 130mA<br \/>\n5k: 250mA<br \/>\n4k: 300mA<br \/>\n3k: 400mA<br \/>\n2k: 580mA<br \/>\n1,66k: 690mA<br \/>\n1,5k: 780mA<br \/>\n1,33k: 900mA<br \/>\n1,2k: 1000mA<\/p>\n<p><b>Pazi\u0146ojums:<\/b><\/p>\n<p><b>\u00b7 <\/b>To var izmantot spriegumam 3,6 3,7 V utt. 18650, polim\u0113ru un citu litija akumulatoru uzl\u0101des un izl\u0101des aizsardz\u012bba.<\/p>\n<p><b>\u00b7 <\/b>\u0160is modulis tiek izmantots vien\u0161\u016bnas litija vai litija vair\u0101ku sekciju paral\u0113lai, uzl\u0101des porti var \u0146emt str\u0101vu no USB.<\/p>\n<p><b>Nor\u0101d\u012bjumi\/piesardz\u012bbas pas\u0101kumi:<\/b><\/p>\n<p><b>\u00b7 <\/b>P\u0101rbaud\u012bt str\u0101vas m\u0113r\u012bt\u0101ju virkn\u0113 ar uzl\u0101des lapu tikai 5 V ieeju.<\/p>\n<p><b>\u00b7 <\/b>Uzl\u0101des str\u0101va ir lab\u0101k\u0101 akumulatora ietilp\u012bba 0,37C, ir 0,37 reizes liel\u0101ka par jaudu, piem\u0113ram, 1000mAH akumulatora uzl\u0101des str\u0101va 400, tas ir pietiekami. P\u0101rm\u0113r\u012bga uzl\u0101des \u0101truma ietekme uz aizmuguri, p\u0101rsteidza akumulatora spriegumu!<\/p>\n<p><b>\u00b7 <\/b>Ne p\u0101r\u0101k mazi un p\u0101r\u0101k gari uzl\u0101des savienot\u0101ja vadi. Tik liela savienojuma pretest\u012bba. P\u0101r\u0101k pl\u0101ns, p\u0113c tam p\u0101rsteidza akumulatora spriegumu.<\/p>\n<p><b>\u00b7 <\/b>Savienots ar akumulatoru lab\u0101kais labs kontakts. Cit\u0101di steidz\u0101s p\u0101ri akumulatora spriegumam.<\/p>\n<p><b>\u00b7 <\/b>Ja 5 V ieejas spriegums ir augsts, piem\u0113ram, 5,2 vai pat 5,5, rad\u012bs nepietiekamu uzl\u0101des str\u0101vu 1000 mA, tas ir norm\u0101li. Augstsprieguma mikrosh\u0113mu drudzis autom\u0101tiski samazin\u0101s l\u0101d\u0113\u0161anas str\u0101vu, nevis sadedzin\u0101s mikrosh\u0113mu. \u010cips darb\u0101 aptuveni 60 gr\u0101du drudzis ir norm\u0101li. P\u0113c tam, kad uzl\u0101des str\u0101va ir liela.<\/p>\n<p><b>\u00b7 <\/b>Ievadiet reversu neietekm\u0113 mikrosh\u0113mu, bet izejas (akumulatora spailes) reverss sadedzin\u0101s mikrosh\u0113mu, l\u016bdzu, \u0146emiet v\u0113r\u0101, ka pirc\u0113ji.<\/p>","protected":false},"excerpt":{"rendered":"<p>Univers\u0101ls l\u0101d\u0113t\u0101js, kas piem\u0113rots gan 18650 akumulatoriem, gan LiPo akumulatoriem.  Baro\u0161ana caur mikro usb savienojumu.  Maksim\u0101l\u0101 uzl\u0101des str\u0101va ir 1A. Autom\u0101tiska izsl\u0113g\u0161ana pie 4,2 V. Ir ar\u012b akumulatora izl\u0101des aizsardz\u012bba.<\/p>","protected":false},"featured_media":3012,"template":"","meta":[],"etheme_brands":[],"product_brand":[],"product_cat":[97],"product_tag":[],"class_list":{"0":"post-3011","1":"product","2":"type-product","3":"status-publish","4":"has-post-thumbnail","6":"product_cat-komponentai","8":"first","9":"instock","10":"sale","11":"taxable","12":"shipping-taxable","13":"purchasable","14":"product-type-simple"},"_links":{"self":[{"href":"https:\/\/elektrodas.lt\/lv\/wp-json\/wp\/v2\/product\/3011","targetHints":{"allow":["GET"]}}],"collection":[{"href":"https:\/\/elektrodas.lt\/lv\/wp-json\/wp\/v2\/product"}],"about":[{"href":"https:\/\/elektrodas.lt\/lv\/wp-json\/wp\/v2\/types\/product"}],"version-history":[{"count":0,"href":"https:\/\/elektrodas.lt\/lv\/wp-json\/wp\/v2\/product\/3011\/revisions"}],"wp:featuredmedia":[{"embeddable":true,"href":"https:\/\/elektrodas.lt\/lv\/wp-json\/"}],"wp:attachment":[{"href":"https:\/\/elektrodas.lt\/lv\/wp-json\/wp\/v2\/media?parent=3011"}],"wp:term":[{"taxonomy":"brand","embeddable":true,"href":"https:\/\/elektrodas.lt\/lv\/wp-json\/wp\/v2\/etheme_brands?post=3011"},{"taxonomy":"product_brand","embeddable":true,"href":"https:\/\/elektrodas.lt\/lv\/wp-json\/wp\/v2\/product_brand?post=3011"},{"taxonomy":"product_cat","embeddable":true,"href":"https:\/\/elektrodas.lt\/lv\/wp-json\/wp\/v2\/product_cat?post=3011"},{"taxonomy":"product_tag","embeddable":true,"href":"https:\/\/elektrodas.lt\/lv\/wp-json\/wp\/v2\/product_tag?post=3011"}],"curies":[{"name":"wp","href":"https:\/\/api.w.org\/{rel}","templated":true}]}}