{"id":2825,"date":"2016-04-08T23:03:05","date_gmt":"2016-04-08T21:03:05","guid":{"rendered":"http:\/\/www.elektrodas.lt\/?post_type=product&amp;p=2825"},"modified":"2025-10-16T14:27:13","modified_gmt":"2025-10-16T11:27:13","slug":"433mhz-rf-siustuvas-imtuvas","status":"publish","type":"product","link":"https:\/\/elektrodas.lt\/lv\/products\/433mhz-rf-siustuvas-imtuvas\/","title":{"rendered":"433Mhz RF raiduztv\u0113r\u0113js"},"content":{"rendered":"<p>Uztv\u0113r\u0113ja modu\u013ca parametri<\/p>\n<div>1.Produkta modelis: MX-05V<\/div>\n<div>2.Darba spriegums: DC5V<\/div>\n<div>3. Klus\u0101 str\u0101va: 4MA<\/div>\n<div>4.Uztver\u0161anas frekvence: 433,92MHZ<\/div>\n<div>5. Uztv\u0113r\u0113ja jut\u012bba: -105DB<\/div>\n<div>6.Izm\u0113rs: 30*14*7mm<\/div>\n<div>7.\u0100r\u0113j\u0101 antena: 32\u00a0CM viendz\u012bslas vads, kas sav\u012bts spir\u0101l\u0113<\/div>\n<div><\/div>\n<div>Raid\u012bt\u0101ja galvas tehniskie parametri<\/div>\n<div><\/div>\n<div>1.Produkta modelis: MX-FS-03V<\/div>\n<div>2. Palai\u0161anas att\u0101lums: 20-200 metri (at\u0161\u0137ir\u012bgs spriegums, da\u017e\u0101di rezult\u0101ti)<\/div>\n<div>3.Darba spriegums: 3,5-12V<\/div>\n<div>4.Izm\u0113ri: 19*19mm<\/div>\n<div>5.Darb\u012bbas re\u017e\u012bms: AM<\/div>\n<div>6. P\u0101rs\u016bt\u012b\u0161anas \u0101trums: 4KB\/S<\/div>\n<div>7.Raid\u012b\u0161anas jauda: 10mW<\/div>\n<div>8.Raid\u012b\u0161anas frekvence: 433M<\/div>\n<div>9. \u0100r\u0113j\u0101 antena: 25\u00a0cm parasta daudzkodolu vai viena kodola l\u012bnija<\/div>\n<div>10. Pinout no kreis\u0101s puses? pa labi: (DATI; VCC; GND)<\/div>\n<div><\/div>","protected":false},"excerpt":{"rendered":"<p>...<\/p>","protected":false},"featured_media":2831,"template":"","meta":[],"etheme_brands":[],"product_brand":[],"product_cat":[97],"product_tag":[],"class_list":{"0":"post-2825","1":"product","2":"type-product","3":"status-publish","4":"has-post-thumbnail","6":"product_cat-komponentai","8":"first","9":"instock","10":"featured","11":"taxable","12":"shipping-taxable","13":"purchasable","14":"product-type-simple"},"_links":{"self":[{"href":"https:\/\/elektrodas.lt\/lv\/wp-json\/wp\/v2\/product\/2825","targetHints":{"allow":["GET"]}}],"collection":[{"href":"https:\/\/elektrodas.lt\/lv\/wp-json\/wp\/v2\/product"}],"about":[{"href":"https:\/\/elektrodas.lt\/lv\/wp-json\/wp\/v2\/types\/product"}],"version-history":[{"count":0,"href":"https:\/\/elektrodas.lt\/lv\/wp-json\/wp\/v2\/product\/2825\/revisions"}],"wp:featuredmedia":[{"embeddable":true,"href":"https:\/\/elektrodas.lt\/lv\/wp-json\/"}],"wp:attachment":[{"href":"https:\/\/elektrodas.lt\/lv\/wp-json\/wp\/v2\/media?parent=2825"}],"wp:term":[{"taxonomy":"brand","embeddable":true,"href":"https:\/\/elektrodas.lt\/lv\/wp-json\/wp\/v2\/etheme_brands?post=2825"},{"taxonomy":"product_brand","embeddable":true,"href":"https:\/\/elektrodas.lt\/lv\/wp-json\/wp\/v2\/product_brand?post=2825"},{"taxonomy":"product_cat","embeddable":true,"href":"https:\/\/elektrodas.lt\/lv\/wp-json\/wp\/v2\/product_cat?post=2825"},{"taxonomy":"product_tag","embeddable":true,"href":"https:\/\/elektrodas.lt\/lv\/wp-json\/wp\/v2\/product_tag?post=2825"}],"curies":[{"name":"wp","href":"https:\/\/api.w.org\/{rel}","templated":true}]}}