{"id":16151,"date":"2024-09-06T20:45:52","date_gmt":"2024-09-06T17:45:52","guid":{"rendered":"https:\/\/elektrodas.lt\/?post_type=product&#038;p=16151"},"modified":"2026-03-03T17:01:09","modified_gmt":"2026-03-03T15:01:09","slug":"kvietikliu-imtuvas-ekranas-th107-th008","status":"publish","type":"product","link":"https:\/\/elektrodas.lt\/lv\/products\/kvietikliu-imtuvas-ekranas-th107-th008\/","title":{"rendered":"Medm\u0101sas izsauk\u0161anas sist\u0113ma TH107-TH008"},"content":{"rendered":"<p>&nbsp;<\/p>\n<p>&nbsp;<\/p>\n<p><strong>32 bitu LED punktmatricas displejs, viegli papla\u0161in\u0101ma medm\u0101sas izsauk\u0161anas sist\u0113ma<\/strong><br \/>\nTH107 ir apr\u012bkots ar 32 bitu LED punktmatricas inform\u0101cijas displeju skaidram un vizu\u0101lam zvanu inform\u0101cijas att\u0113lojumam. L\u012bdz 256 zvan\u012b\u0161anas pog\u0101m var savienot p\u0101r\u012b ar da\u017e\u0101diem numuriem.<\/p>\n<p><strong>Zvanu priorit\u0101tes l\u012bmenis un trauksmes gaismas<\/strong><br \/>\n\u013bauj iestat\u012bt da\u017e\u0101dus zvanu priorit\u0101tes l\u012bme\u0146us, nor\u0101dot katra piepras\u012bjuma steidzam\u012bbu. Tr\u012bs kr\u0101su trauksmes gaismas (za\u013ca, zila un sarkana) intuit\u012bvi par\u0101da katra zvana noz\u012bmi un \u013cauj \u0101tri rea\u0123\u0113t. Za\u013c\u0161 apz\u012bm\u0113 parastos zvanus, zils apz\u012bm\u0113 zvanus, kuriem ir iest\u0101jies taimauts, un sarkans nor\u0101da \u0101rk\u0101rtas zvanus. \u0160\u012b funkcija palielina sazi\u0146as efektivit\u0101ti un nodro\u0161ina \u0101tru steidzamu piepras\u012bjumu izskat\u012b\u0161anu.<\/p>\n<p><strong>Regul\u0113jams ska\u013cums. Vair\u0101kas valodu iesp\u0113jas<\/strong><br \/>\n\u0160\u012b bezvadu zvanu sist\u0113ma ir izstr\u0101d\u0101ta, lai apmierin\u0101tu da\u017e\u0101das vajadz\u012bbas. Pateicoties 10\u00a0valodu atbalstam, lietot\u0101ji var viegli p\u0101rsl\u0113gties uz v\u0113lamo valodas re\u017e\u012bmu, nodro\u0161inot skaidru sazi\u0146u.<br \/>\nValodas: ang\u013cu, v\u0101cu, it\u0101\u013cu, fran\u010du, sp\u0101\u0146u, krievu. portug\u0101\u013cu, holandie\u0161u, jap\u0101\u0146u, \u0137\u012bnie\u0161u.<\/p>\n<p>Turkl\u0101t sist\u0113ma pied\u0101v\u0101 6 ska\u013cuma l\u012bme\u0146us, kas \u013cauj regul\u0113t ska\u013cumu atbilsto\u0161i videi un izveidot optim\u0101lu inform\u0113\u0161anas veidu.<\/p>\n<p><strong>Pazi\u0146ojums par av\u0101rijas str\u0101vas padevi un taimautu<\/strong><br \/>\nAv\u0101rijas baro\u0161anas avots nodro\u0161ina maksim\u0101lo darb\u012bbas laiku 30 stundas, nodro\u0161inot nep\u0101rtrauktu darb\u012bbu. Ir iesp\u0113jams iestat\u012bt laika interv\u0101lu, kur\u0101 zvans ir j\u0101kori\u0123\u0113.<\/p>\n<p>&nbsp;<\/p>\n<p>Ir tr\u012bs baro\u0161anas re\u017e\u012bmi (USB C savienojums, baro\u0161ana ar akumulatoru, elektr\u012bbas kontaktligzda).<\/p>\n<p>Uztv\u0113r\u0113jam ir balsts un to var ne tikai nostiprin\u0101t pie sienas, bet ar\u012b novietot v\u0113lamaj\u0101 viet\u0101.<\/p>\n<p>Savietojams ar \u0161\u0101diem pogu veidiem: TH008B, TH109, TD009, TD019 un liel\u0101ko da\u013cu citu Retekess pogu. J\u016bs varat tos atrast m\u016bsu e-pasta adres\u0113. veikal\u0101.<\/p>\n<p>Nor\u0101d\u012bjumi (LT): <a href=\"https:\/\/elektrodas.lt\/wp-content\/uploads\/2024\/09\/TH107-TH108-trumpa-instrukcija_LT.pdf\">TH107-TH108 \u012bs\u0101 lieto\u0161anas pam\u0101c\u012bba_EN<\/a><\/p>\n<p>Iepakojum\u0101:<\/p>\n<ul>\n<li>1 x TH107 ekr\u0101ns - uztv\u0113r\u0113js<\/li>\n<li>32x zvan\u012b\u0161anas pogas ar atcel\u0161anas funkciju<\/li>\n<li>1x baro\u0161anas avots<\/li>\n<li>1 x rokasgr\u0101mata (ang\u013cu valod\u0101)<\/li>\n<\/ul>\n<p>&nbsp;<\/p>\n<p>Garantija 2 gadi.<\/p>\n<p>Izsniedzam r\u0113\u0137inus.<\/p>\n<p>Ir pieejamas ar\u012b citas iesp\u0113jas zvan\u012bt vai inform\u0113t sist\u0113mas. Sazin\u0101ties: info@elektrodas.lt, +37065660147<\/p>","protected":false},"excerpt":{"rendered":"<p>Sist\u0113ma apr\u016bpes iest\u0101d\u0113m. M\u0101su izsauk\u0161anas sist\u0113ma TH107 ir daudzpus\u012bgs risin\u0101jums, kas piem\u0113rots da\u017e\u0101diem apst\u0101k\u013ciem, piem\u0113ram, pansion\u0101tiem, slimn\u012bc\u0101m, medm\u0101su stacij\u0101m, neatliekam\u0101s pal\u012bdz\u012bbas noda\u013c\u0101m, pansion\u0101tiem un veco \u013cau\u017eu apr\u016bpei. Darb\u012bbas princips: p\u0113c pogas nospie\u0161anas ekr\u0101n\u0101 iedegas t\u0101s numurs un iedegas viens un 32 lauki. Sist\u0113ma ir bezvadu, nav nepiecie\u0161ama sare\u017e\u0123\u012bta uzst\u0101d\u012b\u0161ana. Darb\u012bbas att\u0101lums l\u012bdz 300m. Liel\u0101kiem att\u0101lumiem vai \u012bpa\u0161i biez\u0101m sien\u0101m varam pied\u0101v\u0101t sign\u0101la pastiprin\u0101t\u0101jus.<\/p>\n<p>&nbsp;<\/p>\n<p>&nbsp;<\/p>\n<p>&nbsp;<\/p>","protected":false},"featured_media":16918,"template":"","meta":[],"etheme_brands":[],"product_brand":[],"product_cat":[165,68,135],"product_tag":[],"class_list":{"0":"post-16151","1":"product","2":"type-product","3":"status-publish","4":"has-post-thumbnail","6":"product_cat-iskvietimo-sistemos-spa","7":"product_cat-pagers","8":"product_cat-slaugos-sistemos","10":"first","11":"onbackorder","12":"taxable","13":"shipping-taxable","14":"purchasable","15":"product-type-simple"},"_links":{"self":[{"href":"https:\/\/elektrodas.lt\/lv\/wp-json\/wp\/v2\/product\/16151","targetHints":{"allow":["GET"]}}],"collection":[{"href":"https:\/\/elektrodas.lt\/lv\/wp-json\/wp\/v2\/product"}],"about":[{"href":"https:\/\/elektrodas.lt\/lv\/wp-json\/wp\/v2\/types\/product"}],"version-history":[{"count":1,"href":"https:\/\/elektrodas.lt\/lv\/wp-json\/wp\/v2\/product\/16151\/revisions"}],"predecessor-version":[{"id":17059,"href":"https:\/\/elektrodas.lt\/lv\/wp-json\/wp\/v2\/product\/16151\/revisions\/17059"}],"wp:featuredmedia":[{"embeddable":true,"href":"https:\/\/elektrodas.lt\/lv\/wp-json\/wp\/v2\/media\/16918"}],"wp:attachment":[{"href":"https:\/\/elektrodas.lt\/lv\/wp-json\/wp\/v2\/media?parent=16151"}],"wp:term":[{"taxonomy":"brand","embeddable":true,"href":"https:\/\/elektrodas.lt\/lv\/wp-json\/wp\/v2\/etheme_brands?post=16151"},{"taxonomy":"product_brand","embeddable":true,"href":"https:\/\/elektrodas.lt\/lv\/wp-json\/wp\/v2\/product_brand?post=16151"},{"taxonomy":"product_cat","embeddable":true,"href":"https:\/\/elektrodas.lt\/lv\/wp-json\/wp\/v2\/product_cat?post=16151"},{"taxonomy":"product_tag","embeddable":true,"href":"https:\/\/elektrodas.lt\/lv\/wp-json\/wp\/v2\/product_tag?post=16151"}],"curies":[{"name":"wp","href":"https:\/\/api.w.org\/{rel}","templated":true}]}}