{"id":15,"date":"2022-02-06T09:37:16","date_gmt":"2022-02-06T09:37:16","guid":{"rendered":"https:\/\/xstore.8theme.com\/elementor\/demos\/minimal-electronics\/?page_id=15"},"modified":"2025-10-28T12:07:56","modified_gmt":"2025-10-28T10:07:56","slug":"main-page","status":"publish","type":"page","link":"https:\/\/elektrodas.lt\/lv\/","title":{"rendered":"Galven\u0101"},"content":{"rendered":"\t\t<div data-elementor-type=\"wp-page\" data-elementor-id=\"15\" class=\"elementor elementor-15\" data-elementor-post-type=\"page\">\n\t\t\t\t\t\t<section class=\"elementor-section elementor-top-section elementor-element elementor-element-6f56a20 elementor-section-height-min-height elementor-section-full_width elementor-hidden-tablet elementor-hidden-mobile elementor-section-height-default elementor-section-items-middle\" data-id=\"6f56a20\" data-element_type=\"section\" data-e-type=\"section\" data-settings=\"{&quot;background_background&quot;:&quot;classic&quot;}\">\n\t\t\t\t\t\t<div class=\"elementor-container elementor-column-gap-no\">\n\t\t\t\t\t<div class=\"elementor-column elementor-col-50 elementor-top-column elementor-element elementor-element-51d6b23\" data-id=\"51d6b23\" data-element_type=\"column\" data-e-type=\"column\">\n\t\t\t<div class=\"elementor-widget-wrap elementor-element-populated\">\n\t\t\t\t\t\t<div class=\"elementor-element elementor-element-b581f75 elementor-widget elementor-widget-heading\" data-id=\"b581f75\" data-element_type=\"widget\" data-e-type=\"widget\" data-widget_type=\"heading.default\">\n\t\t\t\t<div class=\"elementor-widget-container\">\n\t\t\t\t\t<h2 class=\"elementor-heading-title elementor-size-default\">Naujos kartos i\u0161kvietimo sistemos<\/h2>\t\t\t\t<\/div>\n\t\t\t\t<\/div>\n\t\t\t\t<div class=\"elementor-element elementor-element-f86e46b elementor-widget elementor-widget-etheme_animated_headline\" data-id=\"f86e46b\" data-element_type=\"widget\" data-e-type=\"widget\" data-settings=\"{&quot;shape&quot;:&quot;custom&quot;,&quot;text_style&quot;:&quot;highlight&quot;,&quot;loop&quot;:&quot;yes&quot;,&quot;duration&quot;:{&quot;unit&quot;:&quot;px&quot;,&quot;size&quot;:&quot;&quot;,&quot;sizes&quot;:[]}}\" data-widget_type=\"etheme_animated_headline.default\">\n\t\t\t\t<div class=\"elementor-widget-container\">\n\t\t\t\t\t        \n        <div class=\"etheme-headline-wrapper\">\n            <h2 class=\"etheme-headline\" data-style=\"highlight\">\n\t\t                                <span class=\"etheme-headline-text-before\">\n\t                        Inovacija kuri optimizuoja darb\u0105                        <\/span>\n                                    <span class=\"etheme-headline-text-wrapper\">\n                \n\t\t                        \n                <\/span>\n                            <\/h2>\n        <\/div>\n        \n\t\t\t\t\t\t<\/div>\n\t\t\t\t<\/div>\n\t\t\t\t<div class=\"elementor-element elementor-element-6519107 elementor-hidden-mobile elementor-widget elementor-widget-heading\" data-id=\"6519107\" data-element_type=\"widget\" data-e-type=\"widget\" data-widget_type=\"heading.default\">\n\t\t\t\t<div class=\"elementor-widget-container\">\n\t\t\t\t\t<h2 class=\"elementor-heading-title elementor-size-default\">Supaprastinkite savo kliento ir darbuotojo komunikacij\u0105<\/h2>\t\t\t\t<\/div>\n\t\t\t\t<\/div>\n\t\t\t\t<div class=\"elementor-element elementor-element-b3806b5 elementor-align-center elementor-widget elementor-widget-text_button\" data-id=\"b3806b5\" data-element_type=\"widget\" data-e-type=\"widget\" data-widget_type=\"text_button.default\">\n\t\t\t\t<div class=\"elementor-widget-container\">\n\t\t\t\t\t<div class=\"etheme-button-wrapper\"><a href=\"\/product-category\/pagers\/iskvietimo-sistemos-kavinems\/\" class=\"fill-top has-fill etheme-text-button elementor-button\" role=\"button\">\n        <span class=\"elementor-button-content-wrapper\">\n            \n\t\t\t<span class=\"elementor-button-text\">Per\u017ei\u016br\u0117ti i\u0161kvietimo sistemas<\/span>\n\n            \n            \n        <\/span><\/a><\/div>\t\t\t\t<\/div>\n\t\t\t\t<\/div>\n\t\t\t\t\t<\/div>\n\t\t<\/div>\n\t\t\t\t<div class=\"elementor-column elementor-col-50 elementor-top-column elementor-element elementor-element-ed65584 elementor-hidden-mobile elementor-invisible\" data-id=\"ed65584\" data-element_type=\"column\" data-e-type=\"column\" data-settings=\"{&quot;animation&quot;:&quot;fadeIn&quot;}\">\n\t\t\t<div class=\"elementor-widget-wrap\">\n\t\t\t\t\t\t\t<\/div>\n\t\t<\/div>\n\t\t\t\t\t<\/div>\n\t\t<\/section>\n\t\t\t\t<section class=\"elementor-section elementor-top-section elementor-element elementor-element-94b639a elementor-section-boxed elementor-section-height-default elementor-section-height-default\" data-id=\"94b639a\" data-element_type=\"section\" data-e-type=\"section\">\n\t\t\t\t\t\t<div class=\"elementor-container elementor-column-gap-default\">\n\t\t\t\t\t<div class=\"elementor-column elementor-col-100 elementor-top-column elementor-element elementor-element-79eae86\" data-id=\"79eae86\" data-element_type=\"column\" data-e-type=\"column\">\n\t\t\t<div class=\"elementor-widget-wrap elementor-element-populated\">\n\t\t\t\t\t\t<div class=\"elementor-element elementor-element-1828f4e etheme-elementor-widget-loaded elementor-widget elementor-widget-spacer\" data-id=\"1828f4e\" data-element_type=\"widget\" data-e-type=\"widget\" data-widget_type=\"spacer.default\">\n\t\t\t\t<div class=\"elementor-widget-container\">\n\t\t\t\t\t\t\t<div class=\"elementor-spacer\">\n\t\t\t<div class=\"elementor-spacer-inner\"><\/div>\n\t\t<\/div>\n\t\t\t\t\t\t<\/div>\n\t\t\t\t<\/div>\n\t\t\t\t\t<\/div>\n\t\t<\/div>\n\t\t\t\t\t<\/div>\n\t\t<\/section>\n\t\t\t\t<section class=\"elementor-section elementor-top-section elementor-element elementor-element-c196bbc elementor-section-boxed elementor-section-height-default elementor-section-height-default elementor-invisible\" data-id=\"c196bbc\" data-element_type=\"section\" data-e-type=\"section\" data-settings=\"{&quot;animation&quot;:&quot;fadeIn&quot;}\">\n\t\t\t\t\t\t\t<div class=\"elementor-background-overlay\"><\/div>\n\t\t\t\t\t\t\t<div class=\"elementor-container elementor-column-gap-no\">\n\t\t\t\t\t<div class=\"elementor-column elementor-col-100 elementor-top-column elementor-element elementor-element-3f6f6d5\" data-id=\"3f6f6d5\" data-element_type=\"column\" data-e-type=\"column\">\n\t\t\t<div class=\"elementor-widget-wrap elementor-element-populated\">\n\t\t\t\t\t\t<div class=\"elementor-element elementor-element-017f3a3 elementor-widget elementor-widget-etheme_categories\" data-id=\"017f3a3\" data-element_type=\"widget\" data-e-type=\"widget\" data-widget_type=\"etheme_categories.default\">\n\t\t\t\t<div class=\"elementor-widget-container\">\n\t\t\t\t\t\n\t\t\t<div class=\"et-load-block lazy-loading et-ajax-element type-element\" data-type=\"element\" data-extra=\"slider\" data-element=\"etheme_categories\">\n\t\t\t\t<!--googleoff: index-->\n\t\t\t\t<!--noindex-->\n\t\t\t\t<div class=\"et-loader no-lqip\"><svg class=\"loader-circular\" viewBox=\"25 25 50 50\" width=\"30\" height=\"30\"><circle class=\"loader-path\" cx=\"50\" cy=\"50\" r=\"20\" fill=\"none\" stroke-width=\"2\" stroke-miterlimit=\"10\"><\/circle><\/svg><\/div>\n\t\t\t\t<span class=\"hidden et-element-args\"><!--[if IE 6] --[et-ajax]--{\"number\":10,\"title\":\"\",\"orderby\":\"count\",\"order\":\"DESC\",\"hide_empty\":\"yes\",\"columns\":3,\"parent\":\"\",\"display_type\":\"slider\",\"valign\":\"top\",\"no_space\":0,\"text_color\":\"dark\",\"style\":\"classic\",\"text_align\":\"center\",\"text_transform\":\"uppercase\",\"count_label\":\"\",\"sorting\":\"name\",\"hide_all\":\"\",\"bg_color\":\"\",\"title_color\":\"\",\"subtitle_color\":\"\",\"title_size\":\"\",\"subtitle_size\":\"\",\"ids\":\"97,106,133,134,135,136,137,165\",\"large\":6,\"notebook\":6,\"tablet_land\":2,\"tablet_portrait\":2,\"mobile\":1,\"slider_autoplay\":false,\"slider_speed\":\"300\",\"slider_loop\":\"true\",\"slider_interval\":3000,\"slider_stop_on_hover\":false,\"slider_spacing\":30,\"pagination_type\":\"bullets\",\"default_color\":\"#e1e1e1\",\"active_color\":\"#222\",\"hide_fo\":\"\",\"hide_buttons\":false,\"hide_buttons_for\":\"\",\"navigation_position\":\"middle\",\"navigation_position_style\":\"arrows-always\",\"navigation_type\":\"archery\",\"navigation_style\":\"style-2\",\"class\":\"\",\"ajax\":\"true\",\"content_position\":\"inside\",\"image_size\":\"woocommerce_thumbnail\",\"image_hover\":\"zoom-in\",\"add_overlay\":false,\"content_hover\":\"none\",\"view_more\":false,\"content_type_new\":true,\"image_circle\":\"yes\",\"stretch_images\":false,\"exclude\":\"\",\"is_preview\":false,\"is_elementor\":true}--[!et-ajax]-- ![endif]--><\/span>\n\t\t\t\t\n\t\t\t\t<!--\/noindex-->\n\t\t\t\t<!--googleon: index-->\n\t\t\t<\/div>\n\t\t\t\t\t\t<\/div>\n\t\t\t\t<\/div>\n\t\t\t\t<div class=\"elementor-element elementor-element-d3f8e1d elementor-align-center elementor-widget elementor-widget-etheme_advanced_headline\" data-id=\"d3f8e1d\" data-element_type=\"widget\" data-e-type=\"widget\" data-widget_type=\"etheme_advanced_headline.default\">\n\t\t\t\t<div class=\"elementor-widget-container\">\n\t\t\t\t\t        \n        <div class=\"etheme-a-h-wrapper\">\n        \n            \n\t\t\t\n        <h2 class=\"etheme-advanced-headline etheme-advanced-headline-mask\">\n\n            Perkamiausi\n        <\/h2>\n\t\t\n                                <div class=\"etheme-a-h-image-wrapper\">\n                                            <\/div>\n                            \n        <\/div>\n        \n\t\t\t\t\t\t<\/div>\n\t\t\t\t<\/div>\n\t\t\t\t<div class=\"elementor-element elementor-element-c6c73be elementor-widget elementor-widget-etheme_product_carousel\" data-id=\"c6c73be\" data-element_type=\"widget\" data-e-type=\"widget\" data-settings=\"{&quot;slides_per_view_tablet&quot;:&quot;3&quot;,&quot;slides_per_view_mobile&quot;:&quot;1&quot;,&quot;space_between&quot;:{&quot;unit&quot;:&quot;px&quot;,&quot;size&quot;:30,&quot;sizes&quot;:[]},&quot;navigation&quot;:&quot;both&quot;,&quot;slides_per_view&quot;:&quot;6&quot;,&quot;space_between_tablet&quot;:{&quot;unit&quot;:&quot;px&quot;,&quot;size&quot;:&quot;&quot;,&quot;sizes&quot;:[]},&quot;space_between_mobile&quot;:{&quot;unit&quot;:&quot;px&quot;,&quot;size&quot;:&quot;&quot;,&quot;sizes&quot;:[]},&quot;loop&quot;:&quot;yes&quot;}\" data-widget_type=\"etheme_product_carousel.default\">\n\t\t\t\t<div class=\"elementor-widget-container\">\n\t\t\t\t\t<span class=\"etheme-ajaxify-lazy-wrapper etheme-ajaxify-replace\" data-type=\"elementor\" data-request=\"WyJlbGVtZW50b3IiLDE1NzE2LCJiMTNiNTZjYSJd\"><\/span>\t\t\t\t<\/div>\n\t\t\t\t<\/div>\n\t\t\t\t<div class=\"elementor-element elementor-element-bf2e0c8 elementor-align-center elementor-widget elementor-widget-etheme_advanced_headline\" data-id=\"bf2e0c8\" data-element_type=\"widget\" data-e-type=\"widget\" data-widget_type=\"etheme_advanced_headline.default\">\n\t\t\t\t<div class=\"elementor-widget-container\">\n\t\t\t\t\t        \n        <div class=\"etheme-a-h-wrapper\">\n        \n            \n\t\t\t\n        <h2 class=\"etheme-advanced-headline etheme-advanced-headline-mask\">\n\n            Naujausi\n        <\/h2>\n\t\t\n                                <div class=\"etheme-a-h-image-wrapper\">\n                                            <\/div>\n                            \n        <\/div>\n        \n\t\t\t\t\t\t<\/div>\n\t\t\t\t<\/div>\n\t\t\t\t<div class=\"elementor-element elementor-element-63799ae elementor-widget elementor-widget-etheme_product_carousel\" data-id=\"63799ae\" data-element_type=\"widget\" data-e-type=\"widget\" data-settings=\"{&quot;slides_per_view_tablet&quot;:&quot;3&quot;,&quot;slides_per_view_mobile&quot;:&quot;1&quot;,&quot;space_between&quot;:{&quot;unit&quot;:&quot;px&quot;,&quot;size&quot;:30,&quot;sizes&quot;:[]},&quot;navigation&quot;:&quot;both&quot;,&quot;slides_per_view&quot;:&quot;6&quot;,&quot;space_between_tablet&quot;:{&quot;unit&quot;:&quot;px&quot;,&quot;size&quot;:&quot;&quot;,&quot;sizes&quot;:[]},&quot;space_between_mobile&quot;:{&quot;unit&quot;:&quot;px&quot;,&quot;size&quot;:&quot;&quot;,&quot;sizes&quot;:[]},&quot;loop&quot;:&quot;yes&quot;}\" data-widget_type=\"etheme_product_carousel.default\">\n\t\t\t\t<div class=\"elementor-widget-container\">\n\t\t\t\t\t<span class=\"etheme-ajaxify-lazy-wrapper etheme-ajaxify-replace\" data-type=\"elementor\" data-request=\"WyJlbGVtZW50b3IiLDE3MTQ5LCI5Mjc3NTkxZCJd\"><\/span>\t\t\t\t<\/div>\n\t\t\t\t<\/div>\n\t\t\t\t\t<\/div>\n\t\t<\/div>\n\t\t\t\t\t<\/div>\n\t\t<\/section>\n\t\t\t\t<section class=\"elementor-section elementor-top-section elementor-element elementor-element-1ecbcd4 elementor-section-content-middle elementor-section-boxed elementor-section-height-default elementor-section-height-default elementor-invisible\" data-id=\"1ecbcd4\" data-element_type=\"section\" data-e-type=\"section\" data-settings=\"{&quot;animation&quot;:&quot;fadeIn&quot;}\">\n\t\t\t\t\t\t<div class=\"elementor-container elementor-column-gap-no\">\n\t\t\t\t\t<div class=\"elementor-column elementor-col-50 elementor-top-column elementor-element elementor-element-be47f3c\" data-id=\"be47f3c\" data-element_type=\"column\" data-e-type=\"column\">\n\t\t\t<div class=\"elementor-widget-wrap elementor-element-populated\">\n\t\t\t\t\t\t<div class=\"elementor-element elementor-element-9795ea7 elementor-align-left elementor-widget elementor-widget-etheme_advanced_headline\" data-id=\"9795ea7\" data-element_type=\"widget\" data-e-type=\"widget\" data-widget_type=\"etheme_advanced_headline.default\">\n\t\t\t\t<div class=\"elementor-widget-container\">\n\t\t\t\t\t        \n        <div class=\"etheme-a-h-wrapper\">\n        \n            \n\t\t\t\n        <h2 class=\"etheme-advanced-headline etheme-advanced-headline-mask\">\n\n            Sprendimai slaugai ir klient\u0173 aptarnavimui\n        <\/h2>\n\t\t\n                                <div class=\"etheme-a-h-image-wrapper\">\n                        <img decoding=\"async\" src=\"https:\/\/elektrodas.lt\/wp-content\/uploads\/2022\/02\/Line-1.jpeg\" title=\"Line 1\" alt=\"Line 1\" loading=\"lazy\" \/>                    <\/div>\n                                    <p class=\"etheme-a-h-text-after\">\n                    Su \u0161iomis sistemomis gal\u0117site operatyviai reaguoti \u012f klient\u0173 i\u0161kvietim\u0105, taip sutaupomas laikas, gerinamas klient\u0173 aptarnavimas.                <\/p>\n                    \n        <\/div>\n        \n\t\t\t\t\t\t<\/div>\n\t\t\t\t<\/div>\n\t\t\t\t<div class=\"elementor-element elementor-element-6543515 elementor-widget elementor-widget-text_button\" data-id=\"6543515\" data-element_type=\"widget\" data-e-type=\"widget\" data-widget_type=\"text_button.default\">\n\t\t\t\t<div class=\"elementor-widget-container\">\n\t\t\t\t\t<div class=\"etheme-button-wrapper\"><a href=\"https:\/\/elektrodas.lt\/product-category\/pagers\/slaugos-sistemos\/\" class=\"fill-top has-fill etheme-text-button elementor-button\" role=\"button\">\n        <span class=\"elementor-button-content-wrapper\">\n            \n\t\t\t<span class=\"elementor-button-text\">Per\u017ei\u016br\u0117ti i\u0161kvietimo sistemas<\/span>\n\n            \n            \n        <\/span><\/a><\/div>\t\t\t\t<\/div>\n\t\t\t\t<\/div>\n\t\t\t\t\t<\/div>\n\t\t<\/div>\n\t\t\t\t<div class=\"elementor-column elementor-col-50 elementor-top-column elementor-element elementor-element-5af1ba2\" data-id=\"5af1ba2\" data-element_type=\"column\" data-e-type=\"column\">\n\t\t\t<div class=\"elementor-widget-wrap elementor-element-populated\">\n\t\t\t\t\t\t<div class=\"elementor-element elementor-element-f5ba3ca elementor-widget elementor-widget-etheme_hotspot\" data-id=\"f5ba3ca\" data-element_type=\"widget\" data-e-type=\"widget\" data-settings=\"{&quot;tooltip_trigger&quot;:&quot;hover&quot;}\" data-widget_type=\"etheme_hotspot.default\">\n\t\t\t\t<div class=\"elementor-widget-container\">\n\t\t\t\t\t<span class=\"etheme-ajaxify-lazy-wrapper etheme-ajaxify-replace\" data-type=\"elementor\" data-request=\"WyJlbGVtZW50b3IiLDE1NjIyLCJkNDk4Y2RkMCJd\"><\/span>\t\t\t\t<\/div>\n\t\t\t\t<\/div>\n\t\t\t\t\t<\/div>\n\t\t<\/div>\n\t\t\t\t\t<\/div>\n\t\t<\/section>\n\t\t\t\t<section class=\"elementor-section elementor-top-section elementor-element elementor-element-1fa396a elementor-section-content-middle elementor-section-boxed elementor-section-height-default elementor-section-height-default elementor-invisible\" data-id=\"1fa396a\" data-element_type=\"section\" data-e-type=\"section\" data-settings=\"{&quot;animation&quot;:&quot;fadeIn&quot;}\">\n\t\t\t\t\t\t<div class=\"elementor-container elementor-column-gap-no\">\n\t\t\t\t\t<div class=\"elementor-column elementor-col-50 elementor-top-column elementor-element elementor-element-ad345b4\" data-id=\"ad345b4\" data-element_type=\"column\" data-e-type=\"column\">\n\t\t\t<div class=\"elementor-widget-wrap elementor-element-populated\">\n\t\t\t\t\t\t<div class=\"elementor-element elementor-element-7204a031 elementor-widget elementor-widget-etheme_hotspot\" data-id=\"7204a031\" data-element_type=\"widget\" data-e-type=\"widget\" data-settings=\"{&quot;tooltip_trigger&quot;:&quot;hover&quot;}\" data-widget_type=\"etheme_hotspot.default\">\n\t\t\t\t<div class=\"elementor-widget-container\">\n\t\t\t\t\t<span class=\"etheme-ajaxify-lazy-wrapper etheme-ajaxify-replace\" data-type=\"elementor\" data-request=\"WyJlbGVtZW50b3IiLDE1NjIyLCIwMmRiN2EwYiJd\"><\/span>\t\t\t\t<\/div>\n\t\t\t\t<\/div>\n\t\t\t\t\t<\/div>\n\t\t<\/div>\n\t\t\t\t<div class=\"elementor-column elementor-col-50 elementor-top-column elementor-element elementor-element-39cf4dc\" data-id=\"39cf4dc\" data-element_type=\"column\" data-e-type=\"column\">\n\t\t\t<div class=\"elementor-widget-wrap elementor-element-populated\">\n\t\t\t\t\t\t<div class=\"elementor-element elementor-element-7cc7b91 elementor-align-left elementor-widget elementor-widget-etheme_advanced_headline\" data-id=\"7cc7b91\" data-element_type=\"widget\" data-e-type=\"widget\" data-widget_type=\"etheme_advanced_headline.default\">\n\t\t\t\t<div class=\"elementor-widget-container\">\n\t\t\t\t\t        \n        <div class=\"etheme-a-h-wrapper\">\n        \n            \n\t\t\t\n        <h2 class=\"etheme-advanced-headline etheme-advanced-headline-mask\">\n\n            Galime pasi\u016blyti \u012fvairius sprendimus maitinimo \u012fstaigoms\n        <\/h2>\n\t\t\n                                <div class=\"etheme-a-h-image-wrapper\">\n                        <img decoding=\"async\" src=\"https:\/\/elektrodas.lt\/wp-content\/uploads\/2022\/02\/Line-1.jpeg\" title=\"Line 1\" alt=\"Line 1\" loading=\"lazy\" \/>                    <\/div>\n                                    <p class=\"etheme-a-h-text-after\">\n                    \u0160ios inovatyvios sistemos leis klientams patogiau pasikviesti padav\u0117j\u0105, taip padidindamos aptarnavimo greit\u012f ir darbo efektyvum\u0105. Kaip alternatyv\u0173 variant\u0105 galima \u012fdiegti u\u017esakym\u0173 prane\u0161imo sistem\u0105: pirk\u0117jas gauna special\u0173 signalin\u012f \u012frengin\u012f (kvietikl\u012f &#8211;  pager\u012f), kuris suveikia, kai jo u\u017esakymas yra paruo\u0161tas. Be to, \u0161ios sistemos gali automati\u0161kai prane\u0161ti apie virtuv\u0117je paruo\u0161tus patiekalus, sutaupant padav\u0117j\u0173 laik\u0105 ir optimizuojant darbo procesus.                <\/p>\n                    \n        <\/div>\n        \n\t\t\t\t\t\t<\/div>\n\t\t\t\t<\/div>\n\t\t\t\t<div class=\"elementor-element elementor-element-d53097a elementor-widget elementor-widget-text_button\" data-id=\"d53097a\" data-element_type=\"widget\" data-e-type=\"widget\" data-widget_type=\"text_button.default\">\n\t\t\t\t<div class=\"elementor-widget-container\">\n\t\t\t\t\t<div class=\"etheme-button-wrapper\"><a href=\"\/product-category\/pagers\/iskvietimo-sistemos-kavinems\/\" class=\"fill-top has-fill etheme-text-button elementor-button\" role=\"button\">\n        <span class=\"elementor-button-content-wrapper\">\n            \n\t\t\t<span class=\"elementor-button-text\">Per\u017ei\u016br\u0117ti i\u0161kvietimo sistemas<\/span>\n\n            \n            \n        <\/span><\/a><\/div>\t\t\t\t<\/div>\n\t\t\t\t<\/div>\n\t\t\t\t\t<\/div>\n\t\t<\/div>\n\t\t\t\t\t<\/div>\n\t\t<\/section>\n\t\t\t\t<section class=\"elementor-section elementor-top-section elementor-element elementor-element-8cd1628 elementor-section-boxed elementor-section-height-default elementor-section-height-default\" data-id=\"8cd1628\" data-element_type=\"section\" data-e-type=\"section\">\n\t\t\t\t\t\t<div class=\"elementor-container elementor-column-gap-default\">\n\t\t\t\t\t<div class=\"elementor-column elementor-col-100 elementor-top-column elementor-element elementor-element-38f910c\" data-id=\"38f910c\" data-element_type=\"column\" data-e-type=\"column\">\n\t\t\t<div class=\"elementor-widget-wrap\">\n\t\t\t\t\t\t\t<\/div>\n\t\t<\/div>\n\t\t\t\t\t<\/div>\n\t\t<\/section>\n\t\t\t\t<section class=\"elementor-section elementor-top-section elementor-element elementor-element-cbb1fae elementor-section-boxed elementor-section-height-default elementor-section-height-default\" data-id=\"cbb1fae\" data-element_type=\"section\" data-e-type=\"section\">\n\t\t\t\t\t\t<div class=\"elementor-container elementor-column-gap-default\">\n\t\t\t\t\t<div class=\"elementor-column elementor-col-100 elementor-top-column elementor-element elementor-element-0a40694\" data-id=\"0a40694\" data-element_type=\"column\" data-e-type=\"column\">\n\t\t\t<div class=\"elementor-widget-wrap elementor-element-populated\">\n\t\t\t\t\t\t<div class=\"elementor-element elementor-element-d9c5164 etheme-elementor-widget-loaded elementor-widget elementor-widget-spacer\" data-id=\"d9c5164\" data-element_type=\"widget\" data-e-type=\"widget\" data-widget_type=\"spacer.default\">\n\t\t\t\t<div class=\"elementor-widget-container\">\n\t\t\t\t\t\t\t<div class=\"elementor-spacer\">\n\t\t\t<div class=\"elementor-spacer-inner\"><\/div>\n\t\t<\/div>\n\t\t\t\t\t\t<\/div>\n\t\t\t\t<\/div>\n\t\t\t\t\t<\/div>\n\t\t<\/div>\n\t\t\t\t\t<\/div>\n\t\t<\/section>\n\t\t\t\t<\/div>\n\t\t","protected":false},"excerpt":{"rendered":"<p>...<\/p>","protected":false},"author":77,"featured_media":0,"parent":0,"menu_order":0,"comment_status":"closed","ping_status":"closed","template":"","meta":{"footnotes":""},"class_list":["post-15","page","type-page","status-publish","hentry"],"_links":{"self":[{"href":"https:\/\/elektrodas.lt\/lv\/wp-json\/wp\/v2\/pages\/15","targetHints":{"allow":["GET"]}}],"collection":[{"href":"https:\/\/elektrodas.lt\/lv\/wp-json\/wp\/v2\/pages"}],"about":[{"href":"https:\/\/elektrodas.lt\/lv\/wp-json\/wp\/v2\/types\/page"}],"author":[{"embeddable":true,"href":"https:\/\/elektrodas.lt\/lv\/wp-json\/wp\/v2\/users\/77"}],"replies":[{"embeddable":true,"href":"https:\/\/elektrodas.lt\/lv\/wp-json\/wp\/v2\/comments?post=15"}],"version-history":[{"count":10,"href":"https:\/\/elektrodas.lt\/lv\/wp-json\/wp\/v2\/pages\/15\/revisions"}],"predecessor-version":[{"id":16943,"href":"https:\/\/elektrodas.lt\/lv\/wp-json\/wp\/v2\/pages\/15\/revisions\/16943"}],"wp:attachment":[{"href":"https:\/\/elektrodas.lt\/lv\/wp-json\/wp\/v2\/media?parent=15"}],"curies":[{"name":"wp","href":"https:\/\/api.w.org\/{rel}","templated":true}]}}